{"id":16,"date":"2018-06-28T11:24:10","date_gmt":"2018-06-28T09:24:10","guid":{"rendered":"http:\/\/dama2.igaly.org\/rjecnik-hrvatskih-jezika\/?page_id=16"},"modified":"2018-06-28T11:24:10","modified_gmt":"2018-06-28T09:24:10","slug":"eh-knjiga","status":"publish","type":"page","link":"http:\/\/www.igaly.org\/rjecnik-hrvatskih-jezika\/?page_id=16","title":{"rendered":"EH Knjiga"},"content":{"rendered":"<p>U pripremi je EH Knjiga, e-knjiga u PDF obliku, napravljena na temelju EH.Txt, HR.Txt i EN.Txt. Namjera mi je kroz ovaj mali projekt opisati mogu\u0107e na\u010dine kori\u0161tenja ove tri datoteke i potaknuti stvaranje sli\u010dnih sadr\u017eaja na temelju ovih datoteka.<\/p>\n<p>EH Knjiga \u0107e biti napravljena kao projekt otvorenog koda, a nastojat \u0107u u popratnom dokumentu opisati na\u010din stvaranja knjige &#8211; komentiranim kodom i poja\u0161njenjem programske logike.<\/p>\n<p>Ako vas zanimaju detalji ovog projekta i prije slu\u017ebene objave, slobodno mi se javite putem e-po\u0161te na goran.igaly@math.hr<\/p>\n","protected":false},"excerpt":{"rendered":"<p>U pripremi je EH Knjiga, e-knjiga u PDF obliku, napravljena na temelju EH.Txt, HR.Txt i EN.Txt. Namjera mi je kroz ovaj mali projekt opisati mogu\u0107e na\u010dine kori\u0161tenja ove tri datoteke i potaknuti stvaranje sli\u010dnih sadr\u017eaja na temelju ovih datoteka. EH Knjiga \u0107e biti napravljena kao projekt otvorenog koda, a nastojat \u0107u u popratnom dokumentu opisati &hellip; <\/p>\n<p class=\"link-more\"><a href=\"http:\/\/www.igaly.org\/rjecnik-hrvatskih-jezika\/?page_id=16\" class=\"more-link\">Nastavi \u010ditati<span class=\"screen-reader-text\"> &#8220;EH Knjiga&#8221;<\/span><\/a><\/p>\n","protected":false},"author":1,"featured_media":0,"parent":0,"menu_order":0,"comment_status":"closed","ping_status":"closed","template":"","meta":{"footnotes":""},"_links":{"self":[{"href":"http:\/\/www.igaly.org\/rjecnik-hrvatskih-jezika\/index.php?rest_route=\/wp\/v2\/pages\/16"}],"collection":[{"href":"http:\/\/www.igaly.org\/rjecnik-hrvatskih-jezika\/index.php?rest_route=\/wp\/v2\/pages"}],"about":[{"href":"http:\/\/www.igaly.org\/rjecnik-hrvatskih-jezika\/index.php?rest_route=\/wp\/v2\/types\/page"}],"author":[{"embeddable":true,"href":"http:\/\/www.igaly.org\/rjecnik-hrvatskih-jezika\/index.php?rest_route=\/wp\/v2\/users\/1"}],"replies":[{"embeddable":true,"href":"http:\/\/www.igaly.org\/rjecnik-hrvatskih-jezika\/index.php?rest_route=%2Fwp%2Fv2%2Fcomments&post=16"}],"version-history":[{"count":1,"href":"http:\/\/www.igaly.org\/rjecnik-hrvatskih-jezika\/index.php?rest_route=\/wp\/v2\/pages\/16\/revisions"}],"predecessor-version":[{"id":17,"href":"http:\/\/www.igaly.org\/rjecnik-hrvatskih-jezika\/index.php?rest_route=\/wp\/v2\/pages\/16\/revisions\/17"}],"wp:attachment":[{"href":"http:\/\/www.igaly.org\/rjecnik-hrvatskih-jezika\/index.php?rest_route=%2Fwp%2Fv2%2Fmedia&parent=16"}],"curies":[{"name":"wp","href":"https:\/\/api.w.org\/{rel}","templated":true}]}}