{"id":58,"date":"2018-06-28T11:43:54","date_gmt":"2018-06-28T09:43:54","guid":{"rendered":"http:\/\/dama2.igaly.org\/rjecnik-hrvatskih-jezika\/?page_id=58"},"modified":"2023-11-08T11:59:57","modified_gmt":"2023-11-08T10:59:57","slug":"preuzimanje-eh-txt","status":"publish","type":"page","link":"http:\/\/www.igaly.org\/rjecnik-hrvatskih-jezika\/?page_id=58","title":{"rendered":"Preuzimanje EH.Txt"},"content":{"rendered":"<p>Najve\u0107i otvoreni englesko-hrvatski rje\u010dnik EH.Txt je dostupan za preuzimanje na adresi\u00a0<strong><a href=\"https:\/\/github.com\/gigaly\/rjecnik-hrvatskih-jezika\">https:\/\/github.com\/gigaly\/rjecnik-hrvatskih-jezika<\/a><\/strong><\/p>\n<p>Ispravljena i pro\u0161irena verzija pripremljena je jo\u0161 2009. godine i bit \u0107e objavljena nakon prikupljanja\u00a0<strong><a href=\"https:\/\/web.math.pmf.unizg.hr\/~igaly\/20000\/\" target=\"_blank\" rel=\"noopener noreferrer\">20.000 potpisa potpore<\/a><\/strong>. Do sada (studeni 2023.) sam sakupio 1099 potpisa, ali ipak ne odustajem. Do mirovine, ako me zdravlje poslu\u017ei, imam jo\u0161 pet godina,. Tada bih se mogao ponovno posvetiti doradi rje\u010dni\u010dke baze, koriste\u0107i veliku zbirku paralelnih tekstova iz vremena kad sam se intenzivnije bavio poslovima vezanim uz prijevode. Tko zna, mo\u017eda do tada dovoljan broj ljudi shvati da Googleu nije stalo do hrvatskog jezika vi\u0161e nego nama, izvornim govornicima i ljudima koji \u017eele nau\u010diti hrvatski jezik. Zato, potpi\u0161ite se i proslijedite moju molbu za potpise svojim prijateljima. Hvala!<\/p>\n<p>Danas ve\u0107 davne 2004. godine napravio sam jednostavni pregled EH rje\u010dnika koji sam nazvao <strong><a href=\"https:\/\/web.math.pmf.unizg.hr\/~igaly\/EH43\/EHpregled.htm\" target=\"_blank\" rel=\"noopener noreferrer\">EH.Pregled<\/a><\/strong>. Mo\u017eda \u0107u ga jednoga dana obnoviti, a do tada mo\u017eete potra\u017eiti prijevod nekog pojma s hrvatskog na engleski ili s engleskog na hrvatski na jednoj od 560 stranica ovog pregleda..<\/p>\n","protected":false},"excerpt":{"rendered":"<p>Najve\u0107i otvoreni englesko-hrvatski rje\u010dnik EH.Txt je dostupan za preuzimanje na adresi\u00a0https:\/\/github.com\/gigaly\/rjecnik-hrvatskih-jezika Ispravljena i pro\u0161irena verzija pripremljena je jo\u0161 2009. godine i bit \u0107e objavljena nakon prikupljanja\u00a020.000 potpisa potpore. Do sada (studeni 2023.) sam sakupio 1099 potpisa, ali ipak ne odustajem. Do mirovine, ako me zdravlje poslu\u017ei, imam jo\u0161 pet godina,. Tada bih se mogao ponovno &hellip; <\/p>\n<p class=\"link-more\"><a href=\"http:\/\/www.igaly.org\/rjecnik-hrvatskih-jezika\/?page_id=58\" class=\"more-link\">Nastavi \u010ditati<span class=\"screen-reader-text\"> &#8220;Preuzimanje EH.Txt&#8221;<\/span><\/a><\/p>\n","protected":false},"author":1,"featured_media":0,"parent":0,"menu_order":0,"comment_status":"closed","ping_status":"closed","template":"","meta":{"footnotes":""},"_links":{"self":[{"href":"http:\/\/www.igaly.org\/rjecnik-hrvatskih-jezika\/index.php?rest_route=\/wp\/v2\/pages\/58"}],"collection":[{"href":"http:\/\/www.igaly.org\/rjecnik-hrvatskih-jezika\/index.php?rest_route=\/wp\/v2\/pages"}],"about":[{"href":"http:\/\/www.igaly.org\/rjecnik-hrvatskih-jezika\/index.php?rest_route=\/wp\/v2\/types\/page"}],"author":[{"embeddable":true,"href":"http:\/\/www.igaly.org\/rjecnik-hrvatskih-jezika\/index.php?rest_route=\/wp\/v2\/users\/1"}],"replies":[{"embeddable":true,"href":"http:\/\/www.igaly.org\/rjecnik-hrvatskih-jezika\/index.php?rest_route=%2Fwp%2Fv2%2Fcomments&post=58"}],"version-history":[{"count":5,"href":"http:\/\/www.igaly.org\/rjecnik-hrvatskih-jezika\/index.php?rest_route=\/wp\/v2\/pages\/58\/revisions"}],"predecessor-version":[{"id":96,"href":"http:\/\/www.igaly.org\/rjecnik-hrvatskih-jezika\/index.php?rest_route=\/wp\/v2\/pages\/58\/revisions\/96"}],"wp:attachment":[{"href":"http:\/\/www.igaly.org\/rjecnik-hrvatskih-jezika\/index.php?rest_route=%2Fwp%2Fv2%2Fmedia&parent=58"}],"curies":[{"name":"wp","href":"https:\/\/api.w.org\/{rel}","templated":true}]}}