{"id":6,"date":"2018-06-28T11:18:29","date_gmt":"2018-06-28T09:18:29","guid":{"rendered":"http:\/\/dama2.igaly.org\/rjecnik-hrvatskih-jezika\/?page_id=6"},"modified":"2018-06-28T11:18:29","modified_gmt":"2018-06-28T09:18:29","slug":"o-pridjevima","status":"publish","type":"page","link":"http:\/\/www.igaly.org\/rjecnik-hrvatskih-jezika\/?page_id=6","title":{"rendered":"O pridjevima"},"content":{"rendered":"<p>Dugo vremena sam razmi\u0161ljao o tome kako pravilno obraditi pridjeve s obzirom na odre\u0111en i neodre\u0111eni oblik. U dvojezi\u010dnim rje\u010dnicima se stavlja odre\u0111eni oblik,\u00a0<strong>ako postoji<\/strong>. Problem je u tome \u0161to se razni autori ne mogu slo\u017eiti oko toga ima li neki pridjev odre\u0111eni oblik ili nema (<em>ovdje treba navesti primjere pridjeva za koje se razni izvori ne mogu slo\u017eiti oko toga ima li pridjev odre\u0111eni oblik ili nema<\/em>). Dakle, ako se odlu\u010dim kao osnovni oblik uzeti odre\u0111eni oblik pridjeva, onda moram donijeti kona\u010dan sud o tome postoji li za neki pridjev odre\u0111eni oblik ili ne. Budu\u0107i da mi to nije cilj, odnosno se radi o rje\u010dniku\u00a0<strong>hrvatskih<\/strong>\u00a0jezika (a ne o rje\u010dniku\u00a0<strong>hrvatskog<\/strong>\u00a0jezika), takav sud ne \u017eelim i ne\u0107u donositi. Stoga \u0107u kao osnovni oblik uzimati neodre\u0111eni oblik, oko \u010dijeg postojanja se svi izvori sla\u017eu.<\/p>\n<p>Stoga \u0107e u rje\u010dniku hrvatskih jezika biti zapis<\/p>\n<p>realnoga &gt; realni &gt; pridjev,<\/p>\n<p>a ne<\/p>\n<p>realnoga &gt; realan &gt; pridjev<\/p>\n<p>Pri tome \u0107e postojati i zapis<\/p>\n<p>realan &gt; realni &gt; pridjev,<\/p>\n<p>uz eventualnu oznaku da odre\u0111eni oblik (realan) neki rje\u010dnici ne priznaju. Ako se radi o nekom relevantnom rje\u010dniku (<em>staviti popis relevantnih rje\u010dnika<\/em>), u polju &#8220;Oznake&#8221; \u0107e biti zapisano koji rje\u010dnici ne priznaju takav oblik. Ako imate rje\u010dnik za koji smatrate da treba biti na popisu relevantnih rje\u010dnika, molim da mi javite kako bih taj rje\u010dnik uzeo u obzir kod ovakvog ozna\u010davanja zapisa i postavio poveznicu prema njemu.<\/p>\n","protected":false},"excerpt":{"rendered":"<p>Dugo vremena sam razmi\u0161ljao o tome kako pravilno obraditi pridjeve s obzirom na odre\u0111en i neodre\u0111eni oblik. U dvojezi\u010dnim rje\u010dnicima se stavlja odre\u0111eni oblik,\u00a0ako postoji. Problem je u tome \u0161to se razni autori ne mogu slo\u017eiti oko toga ima li neki pridjev odre\u0111eni oblik ili nema (ovdje treba navesti primjere pridjeva za koje se razni &hellip; <\/p>\n<p class=\"link-more\"><a href=\"http:\/\/www.igaly.org\/rjecnik-hrvatskih-jezika\/?page_id=6\" class=\"more-link\">Nastavi \u010ditati<span class=\"screen-reader-text\"> &#8220;O pridjevima&#8221;<\/span><\/a><\/p>\n","protected":false},"author":1,"featured_media":0,"parent":0,"menu_order":0,"comment_status":"closed","ping_status":"closed","template":"","meta":{"footnotes":""},"_links":{"self":[{"href":"http:\/\/www.igaly.org\/rjecnik-hrvatskih-jezika\/index.php?rest_route=\/wp\/v2\/pages\/6"}],"collection":[{"href":"http:\/\/www.igaly.org\/rjecnik-hrvatskih-jezika\/index.php?rest_route=\/wp\/v2\/pages"}],"about":[{"href":"http:\/\/www.igaly.org\/rjecnik-hrvatskih-jezika\/index.php?rest_route=\/wp\/v2\/types\/page"}],"author":[{"embeddable":true,"href":"http:\/\/www.igaly.org\/rjecnik-hrvatskih-jezika\/index.php?rest_route=\/wp\/v2\/users\/1"}],"replies":[{"embeddable":true,"href":"http:\/\/www.igaly.org\/rjecnik-hrvatskih-jezika\/index.php?rest_route=%2Fwp%2Fv2%2Fcomments&post=6"}],"version-history":[{"count":1,"href":"http:\/\/www.igaly.org\/rjecnik-hrvatskih-jezika\/index.php?rest_route=\/wp\/v2\/pages\/6\/revisions"}],"predecessor-version":[{"id":7,"href":"http:\/\/www.igaly.org\/rjecnik-hrvatskih-jezika\/index.php?rest_route=\/wp\/v2\/pages\/6\/revisions\/7"}],"wp:attachment":[{"href":"http:\/\/www.igaly.org\/rjecnik-hrvatskih-jezika\/index.php?rest_route=%2Fwp%2Fv2%2Fmedia&parent=6"}],"curies":[{"name":"wp","href":"https:\/\/api.w.org\/{rel}","templated":true}]}}